{"id":8832,"date":"2025-08-11T14:57:04","date_gmt":"2025-08-11T12:57:04","guid":{"rendered":"https:\/\/rimskys-horns.com\/?post_type=product&#038;p=8832"},"modified":"2025-09-25T07:38:57","modified_gmt":"2025-09-25T05:38:57","slug":"camiel-lemmens-hoorn-auditiefragmenten-pianobegeleiding-deel-2-romantische-repertoire","status":"publish","type":"product","link":"https:\/\/rimskys-horns.com\/en\/product\/camiel-lemmens-hoorn-auditiefragmenten-pianobegeleiding-deel-2-romantische-repertoire\/","title":{"rendered":"Camiel Lemmens: Horn audition excerpts - Piano accompaniment Volume 2 (Romantic repertoire):"},"content":{"rendered":"<h2>More information about volume\u20022:<\/h2>\n<p style=\"font-weight: 400;\"><strong><u>About:<\/u><\/strong><br \/>\nThis book contains passages for horn from orchestra and opera repertoire which a musician is expected to perform for orchestra auditions. Only the most important and most asked excerpts are included in this book. In addition to the horn scores, this book presents the musical context of the excerpt through the use of piano reductions. The musician can use this book to look up the musical context before or during the excerpt (instrumentation, rhythm, etc.).\n \nFurthermore, these scores can be utilized by piano players as well to accompany horn players during their studies of the excerpts.\n\nThe following excerpts are included:\n\n\nGiacomo Puccini \u2013 Tosca\nRichard Strauss \u2013 Don Juan\nHorn I\nHorn IV\nTutti I\nTutti II\nRichard Strauss \u2013 Till Eulenspiegels lustige Streiche\nRichard Strauss \u2013 Don Quixote\nVariation I \u201eAdventure at the Windmills\u201c\nVariation VII \u201eThe Ride through the Air\u201d\nVariation VIII \u201eThe unhappy voyage in the enchanted boat\u201d\nRichard Strauss \u2013 Ein Heldenleben\n1. \u201eDer Held \u2013 The Hero\u201c\n3. \u201eDes Heldes Gef\u00e4hrtin \u2013 The Hero\u2019s Companion\u201c\n4. \u201eDes Helden Walstatt \u2013 The Hero at Battle\u201d\n6. \u201eDes Helden Weltflucht und Vollendung \u2013 The Hero\u2019s Retirement from this World and \tCompletion\u201d\nRichard Strauss \u2013 Salome\nRichard Strauss \u2013 Der Rosenkavalier\nEinleitung \u2013 Introduction\nAct 1: \u201eDe rigori armato il seno\u201c\nAct 2: Rosen\u00fcberreichung \u2013 Presentation of the rose\nAct 2: \u201eWird Sie das Mannsbild da heiraten, ma cousine?\u201c\nAct 3: Schneller Walzer\nRichard Strauss \u2013 Eine Alpensinfonie\n\u201eDer Anstieg \u2013 The Ascent\u201d\n\u201eEintritt in den Wald \u2013 Entry in the forest\u201c\n\u201eDurch Dickicht und Gestr\u00fcpp auf Irrwegen \u2013 Through Thickets and Undergrowth on the \tWrong Path\u201d\nGustav Mahler \u2013 Symphony No. 1 \u201eTitan\u201d\n1st movement \n3rd movement\nGustav Mahler \u2013 Symphony No. 3\nHorn I\nHorn IV\nGustav Mahler \u2013 Symphony No. 4\nGustav Mahler \u2013 Symphony No. 5\n1st movement \u201cTrauermarsch \u2013 Funeral March\u201d\n3rd movement \u201cScherzo\u201d\nGustav Mahler \u2013 Symphony No. 6 \u201eTragische \u2013 Tragic\u201d\n1st movement\n4th movement: Finale\nGustav Mahler \u2013 Symphony No. 7\nGustav Mahler \u2013 Symphony No. 9\n1st movement: Horn II\n1st movement: Horn I\n4th movement<\/p>\n<p style=\"font-weight: 400;\">Daarnaast kunnen deze partijen ook door pianisten worden gebruikt om hoornisten te begeleiden tijdens hun studie van de fragmenten.<\/p>\n<p style=\"font-weight: 400;\">De volgende fragmenten zijn inbegrepen:<\/p>\n<p style=\"font-weight: 400;\">Albert Lortzing \u2013 Der Wildsch\u00fctz<br \/>\n1e akte, sc\u00e8ne 3, nr. 2: Duet<br \/>\n3e akte, sc\u00e8ne 15, nr. 16: Finale<\/p>\n<p style=\"font-weight: 400;\">Robert Schumann \u2013 Symfonie nr. 1 \u201cFr\u00fchling \u2013 Spring\u201d<br \/>\nRobert Schumann \u2013 Symfonie nr. 3 \u201cRheinische \u2013 Rhenish\u201d<br \/>\n2e deel \u201cScherzo \u2013 Sehr m\u00e4ssig\u201d<br \/>\n4e deel \u201cFeierlich\u201d<\/p>\n<p style=\"font-weight: 400;\">Johannes Brahms \u2013 Symfonie nr. 1<br \/>\n1e deel \u201cAllegro\u201d<br \/>\n2e deel \u201cAndante sostenuto\u201d<br \/>\n3e deel \u201cUn poco allegretto e grazioso\u201d<br \/>\n4e deel \u201cAdagio \u2013 Pi\u00f9 andante\u201d<\/p>\n<p style=\"font-weight: 400;\">Johannes Brahms \u2013 Symfonie nr. 2 \u201cPastorale\u201d<br \/>\n1e deel \u201cAllegro non troppo\u201d<br \/>\n2e deel \u201cAdagio non troppo\u201d<\/p>\n<p style=\"font-weight: 400;\">Johannes Brahms \u2013 Symfonie nr. 3<br \/>\nJohannes Brahms \u2013 Symfonie nr. 4<br \/>\nJohannes Brahms \u2013 Pianoconcert nr. 1<\/p>\n<p style=\"font-weight: 400;\">Johannes Brahms \u2013 Pianoconcert nr. 2<br \/>\n1e deel \u201cAllegro non troppo\u201d<br \/>\n2e deel \u201cAllegro appasionato\u201d \u2013 Versie A<br \/>\n2e deel \u201cAllegro appasionato\u201d \u2013 Versie B<\/p>\n<p style=\"font-weight: 400;\">Johannes Brahms \u2013 Variaties op een thema van Joseph Haydn<br \/>\nKoraal St. Antoni \u201cAndante\u201d<br \/>\nVariatie 5 \u201cVivace\u201d<br \/>\nVariatie 6 \u201cVivace\u201d<\/p>\n<p style=\"font-weight: 400;\">Johannes Brahms \u2013 Akademische feestouverture<\/p>\n<p style=\"font-weight: 400;\">Giuseppe Verdi \u2013 Don Carlos<br \/>\nGiuseppe Verdi \u2013 Otello<br \/>\n1e akte: \u201cCapitano, v&#8217;attende la fazione si baluardi\u201d<br \/>\n2e akte: \u201cOra e per sempre addio\u201d<br \/>\n3e akte: \u201cVieni, l&#8217;aula \u00e8 deserta\u201d<\/p>\n<p style=\"font-weight: 400;\">Georges Bizet \u2013 Carmen<\/p>\n<p style=\"font-weight: 400;\">Pjotr Iljitsj Tsjaikovski \u2013 Symfonie nr. 4<br \/>\nPjotr Iljitsj Tsjaikovski \u2013 Symfonie nr. 5<\/p>\n<p style=\"font-weight: 400;\">C\u00e9sar Franck \u2013 Symfonie in d-klein<\/p>\n<p style=\"font-weight: 400;\">Anton\u00edn Dvo\u0159\u00e1k \u2013 Symfonie nr. 8<br \/>\nAnton\u00edn Dvo\u0159\u00e1k \u2013 Symfonie nr. 9 \u201cFrom the new world \u2013 Aus der neuen Welt\u201d<br \/>\n1e deel \u201cAdagio \u2013 Allegro molto\u201d<br \/>\n3e deel \u201cMolto vivace\u201d<br \/>\n4e deel \u201cAllegro con fuoco \u2013 Un poco sostenuto\u201d<\/p>\n<p style=\"font-weight: 400;\">Anton\u00edn Dvo\u0159\u00e1k \u2013 Celloconcert in b-klein<br \/>\n1e deel \u201cAllegro\u201d<br \/>\n2e deel \u201cAdagio, ma non troppo\u201d<\/p>","protected":false},"excerpt":{"rendered":"<h2>More information about volume\u20022:<\/h2>\n<p style=\"font-weight: 400;\"><strong><u>About:<\/u><\/strong><br \/>\nThis book contains passages for horn from orchestra and opera repertoire which a musician is expected to perform for orchestra auditions. Only the most important and most asked excerpts are included in this book. In addition to the horn scores, this book presents the musical context of the excerpt through the use of piano reductions. The musician can use this book to look up the musical context before or during the excerpt (instrumentation, rhythm, etc.).\n \nFurthermore, these scores can be utilized by piano players as well to accompany horn players during their studies of the excerpts.\n\nThe following excerpts are included:\n\n\nGiacomo Puccini \u2013 Tosca\nRichard Strauss \u2013 Don Juan\nHorn I\nHorn IV\nTutti I\nTutti II\nRichard Strauss \u2013 Till Eulenspiegels lustige Streiche\nRichard Strauss \u2013 Don Quixote\nVariation I \u201eAdventure at the Windmills\u201c\nVariation VII \u201eThe Ride through the Air\u201d\nVariation VIII \u201eThe unhappy voyage in the enchanted boat\u201d\nRichard Strauss \u2013 Ein Heldenleben\n1. \u201eDer Held \u2013 The Hero\u201c\n3. \u201eDes Heldes Gef\u00e4hrtin \u2013 The Hero\u2019s Companion\u201c\n4. \u201eDes Helden Walstatt \u2013 The Hero at Battle\u201d\n6. \u201eDes Helden Weltflucht und Vollendung \u2013 The Hero\u2019s Retirement from this World and \tCompletion\u201d\nRichard Strauss \u2013 Salome\nRichard Strauss \u2013 Der Rosenkavalier\nEinleitung \u2013 Introduction\nAct 1: \u201eDe rigori armato il seno\u201c\nAct 2: Rosen\u00fcberreichung \u2013 Presentation of the rose\nAct 2: \u201eWird Sie das Mannsbild da heiraten, ma cousine?\u201c\nAct 3: Schneller Walzer\nRichard Strauss \u2013 Eine Alpensinfonie\n\u201eDer Anstieg \u2013 The Ascent\u201d\n\u201eEintritt in den Wald \u2013 Entry in the forest\u201c\n\u201eDurch Dickicht und Gestr\u00fcpp auf Irrwegen \u2013 Through Thickets and Undergrowth on the \tWrong Path\u201d\nGustav Mahler \u2013 Symphony No. 1 \u201eTitan\u201d\n1st movement \n3rd movement\nGustav Mahler \u2013 Symphony No. 3\nHorn I\nHorn IV\nGustav Mahler \u2013 Symphony No. 4\nGustav Mahler \u2013 Symphony No. 5\n1st movement \u201cTrauermarsch \u2013 Funeral March\u201d\n3rd movement \u201cScherzo\u201d\nGustav Mahler \u2013 Symphony No. 6 \u201eTragische \u2013 Tragic\u201d\n1st movement\n4th movement: Finale\nGustav Mahler \u2013 Symphony No. 7\nGustav Mahler \u2013 Symphony No. 9\n1st movement: Horn II\n1st movement: Horn I\n4th movement<\/p>\n<p style=\"font-weight: 400;\">Daarnaast kunnen deze partijen ook door pianisten worden gebruikt om hoornisten te begeleiden tijdens hun studie van de fragmenten.<\/p>\n<p style=\"font-weight: 400;\">De volgende fragmenten zijn inbegrepen:<\/p>\n<p style=\"font-weight: 400;\">Albert Lortzing \u2013 Der Wildsch\u00fctz<br \/>\n1e akte, sc\u00e8ne 3, nr. 2: Duet<br \/>\n3e akte, sc\u00e8ne 15, nr. 16: Finale<\/p>\n<p style=\"font-weight: 400;\">Robert Schumann \u2013 Symfonie nr. 1 \u201cFr\u00fchling \u2013 Spring\u201d<br \/>\nRobert Schumann \u2013 Symfonie nr. 3 \u201cRheinische \u2013 Rhenish\u201d<br \/>\n2e deel \u201cScherzo \u2013 Sehr m\u00e4ssig\u201d<br \/>\n4e deel \u201cFeierlich\u201d<\/p>\n<p style=\"font-weight: 400;\">Johannes Brahms \u2013 Symfonie nr. 1<br \/>\n1e deel \u201cAllegro\u201d<br \/>\n2e deel \u201cAndante sostenuto\u201d<br \/>\n3e deel \u201cUn poco allegretto e grazioso\u201d<br \/>\n4e deel \u201cAdagio \u2013 Pi\u00f9 andante\u201d<\/p>\n<p style=\"font-weight: 400;\">Johannes Brahms \u2013 Symfonie nr. 2 \u201cPastorale\u201d<br \/>\n1e deel \u201cAllegro non troppo\u201d<br \/>\n2e deel \u201cAdagio non troppo\u201d<\/p>\n<p style=\"font-weight: 400;\">Johannes Brahms \u2013 Symfonie nr. 3<br \/>\nJohannes Brahms \u2013 Symfonie nr. 4<br \/>\nJohannes Brahms \u2013 Pianoconcert nr. 1<\/p>\n<p style=\"font-weight: 400;\">Johannes Brahms \u2013 Pianoconcert nr. 2<br \/>\n1e deel \u201cAllegro non troppo\u201d<br \/>\n2e deel \u201cAllegro appasionato\u201d \u2013 Versie A<br \/>\n2e deel \u201cAllegro appasionato\u201d \u2013 Versie B<\/p>\n<p style=\"font-weight: 400;\">Johannes Brahms \u2013 Variaties op een thema van Joseph Haydn<br \/>\nKoraal St. Antoni \u201cAndante\u201d<br \/>\nVariatie 5 \u201cVivace\u201d<br \/>\nVariatie 6 \u201cVivace\u201d<\/p>\n<p style=\"font-weight: 400;\">Johannes Brahms \u2013 Akademische feestouverture<\/p>\n<p style=\"font-weight: 400;\">Giuseppe Verdi \u2013 Don Carlos<br \/>\nGiuseppe Verdi \u2013 Otello<br \/>\n1e akte: \u201cCapitano, v&#8217;attende la fazione si baluardi\u201d<br \/>\n2e akte: \u201cOra e per sempre addio\u201d<br \/>\n3e akte: \u201cVieni, l&#8217;aula \u00e8 deserta\u201d<\/p>\n<p style=\"font-weight: 400;\">Georges Bizet \u2013 Carmen<\/p>\n<p style=\"font-weight: 400;\">Pjotr Iljitsj Tsjaikovski \u2013 Symfonie nr. 4<br \/>\nPjotr Iljitsj Tsjaikovski \u2013 Symfonie nr. 5<\/p>\n<p style=\"font-weight: 400;\">C\u00e9sar Franck \u2013 Symfonie in d-klein<\/p>\n<p style=\"font-weight: 400;\">Anton\u00edn Dvo\u0159\u00e1k \u2013 Symfonie nr. 8<br \/>\nAnton\u00edn Dvo\u0159\u00e1k \u2013 Symfonie nr. 9 \u201cFrom the new world \u2013 Aus der neuen Welt\u201d<br \/>\n1e deel \u201cAdagio \u2013 Allegro molto\u201d<br \/>\n3e deel \u201cMolto vivace\u201d<br \/>\n4e deel \u201cAllegro con fuoco \u2013 Un poco sostenuto\u201d<\/p>\n<p style=\"font-weight: 400;\">Anton\u00edn Dvo\u0159\u00e1k \u2013 Celloconcert in b-klein<br \/>\n1e deel \u201cAllegro\u201d<br \/>\n2e deel \u201cAdagio, ma non troppo\u201d<\/p>","protected":false},"featured_media":8828,"template":"","meta":{"_acf_changed":false},"delivery-time":[94],"merkbrand":[176],"product_brand":[],"product_cat":[55],"product_tag":[],"class_list":{"0":"post-8832","1":"product","2":"type-product","3":"status-publish","4":"has-post-thumbnail","6":"delivery-time-direct-leverbaar","7":"merkbrand-rimskys-horns","8":"product_cat-boeken-methodes-ensembles","9":"product_shipping_class-klein-pakket","10":"sales-flash-overlay","11":"woocommerce-text-align-center","12":"woocommerce-image-align-center","13":"do-quantity-buttons","15":"first","16":"instock","17":"taxable","18":"shipping-taxable","19":"purchasable","20":"product-type-simple"},"exclude_global_add_ons":[],"addons":[],"acf":[],"_links":{"self":[{"href":"https:\/\/rimskys-horns.com\/en\/wp-json\/wp\/v2\/product\/8832","targetHints":{"allow":["GET"]}}],"collection":[{"href":"https:\/\/rimskys-horns.com\/en\/wp-json\/wp\/v2\/product"}],"about":[{"href":"https:\/\/rimskys-horns.com\/en\/wp-json\/wp\/v2\/types\/product"}],"wp:featuredmedia":[{"embeddable":true,"href":"https:\/\/rimskys-horns.com\/en\/wp-json\/wp\/v2\/media\/8828"}],"wp:attachment":[{"href":"https:\/\/rimskys-horns.com\/en\/wp-json\/wp\/v2\/media?parent=8832"}],"wp:term":[{"taxonomy":"delivery-time","embeddable":true,"href":"https:\/\/rimskys-horns.com\/en\/wp-json\/wp\/v2\/delivery-time?post=8832"},{"taxonomy":"merkbrand","embeddable":true,"href":"https:\/\/rimskys-horns.com\/en\/wp-json\/wp\/v2\/merkbrand?post=8832"},{"taxonomy":"product_brand","embeddable":true,"href":"https:\/\/rimskys-horns.com\/en\/wp-json\/wp\/v2\/product_brand?post=8832"},{"taxonomy":"product_cat","embeddable":true,"href":"https:\/\/rimskys-horns.com\/en\/wp-json\/wp\/v2\/product_cat?post=8832"},{"taxonomy":"product_tag","embeddable":true,"href":"https:\/\/rimskys-horns.com\/en\/wp-json\/wp\/v2\/product_tag?post=8832"}],"curies":[{"name":"wp","href":"https:\/\/api.w.org\/{rel}","templated":true}]}}