{"id":6959,"date":"2024-03-11T11:55:26","date_gmt":"2024-03-11T10:55:26","guid":{"rendered":"https:\/\/rimskys-horns.com\/?post_type=product&#038;p=6959"},"modified":"2025-02-02T14:19:59","modified_gmt":"2025-02-02T13:19:59","slug":"robert-schumann-konzertstuck-op-86-fur-4-horner-und-blasorchester","status":"publish","type":"product","link":"https:\/\/rimskys-horns.com\/en\/product\/robert-schumann-konzertstuck-op-86-fur-4-horner-und-blasorchester\/","title":{"rendered":"Robert Schumann - Konzertst\u00fcck Op.86 f\u00fcr 4 H\u00f6rner und Blasorchester"},"content":{"rendered":"<h1 class=\"product__title\">Robert Schumann - Konzertst\u00fcck Op.86 f\u00fcr 4 H\u00f6rner und Blasorchester.<\/h1>\n<p>Arranged for 4 horns and wind band by Lodewijk Paulissen.<\/p>\n<h1 class=\"product__title\">(only score, parts will be sent through email)<\/h1>","protected":false},"excerpt":{"rendered":"<h1 class=\"product__title\">Robert Schumann - Konzertst\u00fcck Op.86 f\u00fcr 4 H\u00f6rner und Blasorchester.<\/h1>\n<p>Arranged for 4 horns and wind band by Lodewijk Paulissen.<\/p>\n<h1 class=\"product__title\">(only score, parts will be sent through email)<\/h1>\n<p>&nbsp;<\/p>","protected":false},"featured_media":6955,"template":"","meta":{"_acf_changed":false},"delivery-time":[94],"merkbrand":[176],"product_brand":[],"product_cat":[55],"product_tag":[],"class_list":{"0":"post-6959","1":"product","2":"type-product","3":"status-publish","4":"has-post-thumbnail","6":"delivery-time-direct-leverbaar","7":"merkbrand-rimskys-horns","8":"product_cat-boeken-methodes-ensembles","9":"product_shipping_class-brievenbuspakje","10":"sales-flash-overlay","11":"woocommerce-text-align-center","12":"woocommerce-image-align-center","13":"do-quantity-buttons","15":"first","16":"instock","17":"taxable","18":"shipping-taxable","19":"purchasable","20":"product-type-simple"},"exclude_global_add_ons":[],"addons":[],"acf":[],"_links":{"self":[{"href":"https:\/\/rimskys-horns.com\/en\/wp-json\/wp\/v2\/product\/6959","targetHints":{"allow":["GET"]}}],"collection":[{"href":"https:\/\/rimskys-horns.com\/en\/wp-json\/wp\/v2\/product"}],"about":[{"href":"https:\/\/rimskys-horns.com\/en\/wp-json\/wp\/v2\/types\/product"}],"wp:featuredmedia":[{"embeddable":true,"href":"https:\/\/rimskys-horns.com\/en\/wp-json\/wp\/v2\/media\/6955"}],"wp:attachment":[{"href":"https:\/\/rimskys-horns.com\/en\/wp-json\/wp\/v2\/media?parent=6959"}],"wp:term":[{"taxonomy":"delivery-time","embeddable":true,"href":"https:\/\/rimskys-horns.com\/en\/wp-json\/wp\/v2\/delivery-time?post=6959"},{"taxonomy":"merkbrand","embeddable":true,"href":"https:\/\/rimskys-horns.com\/en\/wp-json\/wp\/v2\/merkbrand?post=6959"},{"taxonomy":"product_brand","embeddable":true,"href":"https:\/\/rimskys-horns.com\/en\/wp-json\/wp\/v2\/product_brand?post=6959"},{"taxonomy":"product_cat","embeddable":true,"href":"https:\/\/rimskys-horns.com\/en\/wp-json\/wp\/v2\/product_cat?post=6959"},{"taxonomy":"product_tag","embeddable":true,"href":"https:\/\/rimskys-horns.com\/en\/wp-json\/wp\/v2\/product_tag?post=6959"}],"curies":[{"name":"wp","href":"https:\/\/api.w.org\/{rel}","templated":true}]}}