{"id":5803,"date":"2023-11-01T13:07:17","date_gmt":"2023-11-01T12:07:17","guid":{"rendered":"https:\/\/rimskys-horns.elonisas.dev\/?post_type=product&#038;p=5803"},"modified":"2025-11-12T18:21:21","modified_gmt":"2025-11-12T17:21:21","slug":"first-aid-stuck-valve-solution-tool-first-aid-stuck-valve-tool","status":"publish","type":"product","link":"https:\/\/rimskys-horns.com\/en\/product\/first-aid-stuck-valve-solution-tool-eerste-hulp-vastzittend-ventiel-tool\/","title":{"rendered":"FIRST AID STUCK-VALVE SOLUTION TOOL \/ FIRST AID STUCK VALVE TOOL"},"content":{"rendered":"<p>First Aid Stuck-Valve Solution Tool : After the Holidays sometimes the valves don't work. This Tool works super to get it moving again without damaging the valve Area this time !<\/p>\n<p>Helpers in need! Often the valves are stuck after vacation, or in the case of less frequently used instruments and cannot be loosened without leaving traces or damage to the mechanism. This new tool is a great helper with which you can loosen the valves again without any problems. So you can play the horn again and if the valves have become lubricated and moving again after a few minutes of playing, it is no longer necessary to remove the rotors. This is often a problem, especially with Wagner tubas, which are often not in use for months. To order from Rimskys Horns, <a href=\"mailto:Dr.horn@kabelmail.de\">Dr.horn@kabelmail.de<\/a>, or Klaus Fehr<\/p>\n<p>PS.: The demand for the first batch was so great that there may be supply bottlenecks until the end of the year. So get this handy tool. 65,-EUR plus shipping<\/p>\n<p>&nbsp;<\/p>\n<p>Helpers in need! Often valves get stuck after vacations or in the case of less frequently used instruments and cannot be loosened without leaving traces or damage to the mechanism. This new tool is a great first aid with which you can loosen the valves again without problems. This allows you to play the horn again and if the valves have become damp again after a few minutes of playing, there is no need to take the rotors out - and put them back in. This is often a problem, especially with Wagner tubas, which are often not in use for months at a time. To order from Rimskys-Horns <a href=\"mailto:Dr.horn@kabelmail.de\">Dr.horn@kabelmail.de<\/a>, or at Klaus Fehr<\/p>\n<p>PS: Demand for the first batch was so high that there may be supply bottlenecks until the end of the year. So buy this handy tool. 65,-EUR excl. shipping<\/p>\n<p>Helfer in der Not! Oft sind die Ventile nach dem Urlaub, oder bei seltener benutzten Instrumenten festgeklebt und lassen sich nicht l\u00f6sen, ohne dass Spuren, oder Sch\u00e4den an der Mechanik zur\u00fcckbleiben. Dieses neue Tool ist ein toller Helfer, mit dem man die Ventile unproblematisch wieder l\u00f6sen kann. So kann man das Horn wieder spielen und wenn die Ventile nach ein paar Minuten Spielen wieder feucht geworden sind, ist kein Ausbau der Rotoren mehr n\u00f6tig.<br \/>\nGerade auch bei Wagnertuben, die oft \u00fcber Monate nicht im Einsatz sind, ist das oft ein Problem.<br \/>\nZu bestellen bei\u00a0<a href=\"mailto:Dr.horn@kabelmail.de\">Dr.horn@kabelmail.de<\/a>\u00a0, Rimskys horns oder Klaus Fehr<\/p>\n<p>PS.: Die Nachfrage nach der ersten Charge war so gro\u00df, dass es Lieferengp\u00e4sse bis Ende des Jahres gebe n kann. Also sichert euch dieses praktische Werkzeug. 65,-EUR zuz\u00fcglich Versand<\/p>","protected":false},"excerpt":{"rendered":"<h2 class=\"field field-name-title-field field-type-text field-label-hidden\">FIRST AID STUCK-VALVE SOLUTION TOOL \/ FIRST AID STUCK VALVE TOOL<\/h2>","protected":false},"featured_media":5804,"template":"","meta":{"_acf_changed":false},"delivery-time":[94],"merkbrand":[207],"product_brand":[],"product_cat":[53,57],"product_tag":[],"class_list":{"0":"post-5803","1":"product","2":"type-product","3":"status-publish","4":"has-post-thumbnail","6":"delivery-time-direct-leverbaar","7":"merkbrand-klaus-fehr-french-horns","8":"product_cat-accessoires","9":"product_cat-onderhoudsmiddelen","10":"product_shipping_class-brievenbuspakje","11":"sales-flash-overlay","12":"woocommerce-text-align-center","13":"woocommerce-image-align-center","14":"do-quantity-buttons","16":"first","17":"instock","18":"taxable","19":"shipping-taxable","20":"purchasable","21":"product-type-simple"},"exclude_global_add_ons":[],"addons":[],"acf":[],"_links":{"self":[{"href":"https:\/\/rimskys-horns.com\/en\/wp-json\/wp\/v2\/product\/5803","targetHints":{"allow":["GET"]}}],"collection":[{"href":"https:\/\/rimskys-horns.com\/en\/wp-json\/wp\/v2\/product"}],"about":[{"href":"https:\/\/rimskys-horns.com\/en\/wp-json\/wp\/v2\/types\/product"}],"wp:featuredmedia":[{"embeddable":true,"href":"https:\/\/rimskys-horns.com\/en\/wp-json\/wp\/v2\/media\/5804"}],"wp:attachment":[{"href":"https:\/\/rimskys-horns.com\/en\/wp-json\/wp\/v2\/media?parent=5803"}],"wp:term":[{"taxonomy":"delivery-time","embeddable":true,"href":"https:\/\/rimskys-horns.com\/en\/wp-json\/wp\/v2\/delivery-time?post=5803"},{"taxonomy":"merkbrand","embeddable":true,"href":"https:\/\/rimskys-horns.com\/en\/wp-json\/wp\/v2\/merkbrand?post=5803"},{"taxonomy":"product_brand","embeddable":true,"href":"https:\/\/rimskys-horns.com\/en\/wp-json\/wp\/v2\/product_brand?post=5803"},{"taxonomy":"product_cat","embeddable":true,"href":"https:\/\/rimskys-horns.com\/en\/wp-json\/wp\/v2\/product_cat?post=5803"},{"taxonomy":"product_tag","embeddable":true,"href":"https:\/\/rimskys-horns.com\/en\/wp-json\/wp\/v2\/product_tag?post=5803"}],"curies":[{"name":"wp","href":"https:\/\/api.w.org\/{rel}","templated":true}]}}