{"id":4757,"date":"2022-11-25T13:37:10","date_gmt":"2022-11-25T13:37:10","guid":{"rendered":"https:\/\/rimskys-horns.elonisas.dev\/?post_type=product&#038;p=4757"},"modified":"2025-02-02T14:19:46","modified_gmt":"2025-02-02T13:19:46","slug":"courtois-frere-rue-de-caire-a-paris-f-ca-1825","status":"publish","type":"product","link":"https:\/\/rimskys-horns.com\/en\/product\/courtois-frere-rue-de-caire-a-paris-f-ca-1825\/","title":{"rendered":"COURTOIS FR\u00c8RE RUE DE CAIRE \u00c0 PARIS (F), CA 1825"},"content":{"rendered":"<p><em>s Fr\u00e8re Rue de Caire \u00e0 Paris (F), c. 1825: Cor d'Orchestre with beautifully painted cup, complete with all brackets and Original case.\u00a0<\/em><\/p>","protected":false},"excerpt":{"rendered":"<p><em>Courtois Fr\u00e8re Rue de Caire \u00e0 Paris (F), c. 1825: Cor d'Orchestre with beautifully painted cup, complete with all brackets and Original case.\u00a0<\/em><\/p>","protected":false},"featured_media":4772,"template":"","meta":{"_acf_changed":false},"delivery-time":[],"merkbrand":[176],"product_brand":[],"product_cat":[48],"product_tag":[],"class_list":{"0":"post-4757","1":"product","2":"type-product","3":"status-publish","4":"has-post-thumbnail","6":"merkbrand-rimskys-horns","7":"product_cat-natuurhoorns-2","8":"product_shipping_class-horns-10kg-plus","9":"sales-flash-overlay","10":"woocommerce-text-align-center","11":"woocommerce-image-align-center","12":"do-quantity-buttons","14":"first","15":"outofstock","16":"sold-individually","17":"purchasable","18":"product-type-simple"},"exclude_global_add_ons":[],"addons":[],"acf":[],"_links":{"self":[{"href":"https:\/\/rimskys-horns.com\/en\/wp-json\/wp\/v2\/product\/4757","targetHints":{"allow":["GET"]}}],"collection":[{"href":"https:\/\/rimskys-horns.com\/en\/wp-json\/wp\/v2\/product"}],"about":[{"href":"https:\/\/rimskys-horns.com\/en\/wp-json\/wp\/v2\/types\/product"}],"wp:featuredmedia":[{"embeddable":true,"href":"https:\/\/rimskys-horns.com\/en\/wp-json\/wp\/v2\/media\/4772"}],"wp:attachment":[{"href":"https:\/\/rimskys-horns.com\/en\/wp-json\/wp\/v2\/media?parent=4757"}],"wp:term":[{"taxonomy":"delivery-time","embeddable":true,"href":"https:\/\/rimskys-horns.com\/en\/wp-json\/wp\/v2\/delivery-time?post=4757"},{"taxonomy":"merkbrand","embeddable":true,"href":"https:\/\/rimskys-horns.com\/en\/wp-json\/wp\/v2\/merkbrand?post=4757"},{"taxonomy":"product_brand","embeddable":true,"href":"https:\/\/rimskys-horns.com\/en\/wp-json\/wp\/v2\/product_brand?post=4757"},{"taxonomy":"product_cat","embeddable":true,"href":"https:\/\/rimskys-horns.com\/en\/wp-json\/wp\/v2\/product_cat?post=4757"},{"taxonomy":"product_tag","embeddable":true,"href":"https:\/\/rimskys-horns.com\/en\/wp-json\/wp\/v2\/product_tag?post=4757"}],"curies":[{"name":"wp","href":"https:\/\/api.w.org\/{rel}","templated":true}]}}