{"id":3259,"date":"2022-11-24T09:32:06","date_gmt":"2022-11-24T09:32:06","guid":{"rendered":"https:\/\/rimskys-horns.elonisas.dev\/?post_type=product&#038;p=3259"},"modified":"2026-02-25T14:42:59","modified_gmt":"2026-02-25T13:42:59","slug":"edition-ebenos-the-romantic-album-for-horn-piano","status":"publish","type":"product","link":"https:\/\/rimskys-horns.com\/en\/product\/edition-ebenos-the-romantic-album-for-horn-piano\/","title":{"rendered":"EDITION EBENOS: THE ROMANTIC ALBUM FOR HORN &amp; PIANO"},"content":{"rendered":"","protected":false},"excerpt":{"rendered":"<p><strong>THE ROMANTIC ALBUM FOR HORN AND PIANO\u00a0<\/strong><\/p>\n<p>is a collection that reflects late 19th century composers' fascination with the valved horn.<br \/>\n16 pieces by 16 composers, most long out of print, will add a welcome freshness to timeworn recital programs.<\/p>\n<p><em>Forgotten Romantic Works for Horn<br \/>\nSeries researched and annotated by William Melton<\/em><br \/>\n<strong>THE HORN PLAYER (British Horn Society)\u00a0\u00a0<\/strong>Vol. 11, No. 3, Winter 2014\/15, p. 43<br \/>\n<em>\"...As he always does, Bill provides superlative biographical detail on all of these composers, often with incipits of the original title pages - a detail that I find quite delightful. ...But then the music - all beautifully (and practically) printed and every single piece musically worth more than a casual glance<\/em>.<em>\u00a0As a low horn player I also found that the horn lines were comfortable - a point not to be underestimated for players drafting a recital or examination program. All in all, a garnering of rich horn music resources that all of us ought to be deeply grateful to Bill for - \"Hats off\" indeed!<\/em><br \/>\n<strong>Table of Contents<\/strong><br \/>\n<em>Scores and Biographies (english \/ german)<\/em><\/p>\n<p>Preface\u00a0\u00a0<em>(english \/ german)<\/em><\/p>\n<p>1.<br \/>\nJosef Anton Mayer (1855 - 1936)<br \/>\nMaien-Nacht; Solo f\u00fcr Waldhorn mit Pianoforte<br \/>\nOp. 8 (c. 1885)<\/p>\n<p>2.<br \/>\nMaximilian Heidrich (1864 - 1909)<br \/>\nAndantino f\u00fcr Horn mit Pianoforte-Begleitung<br \/>\nOp. 34 (ca. 1905)<\/p>\n<p>3.<br \/>\nL\u00e9on Van Cromphout (1850 - 1911)<br \/>\nM\u00e9lodie pour le cor (en Fa) avec accompagnement de piano<br \/>\n(ca. 1886)<\/p>\n<p>4.<br \/>\nCarl Haslinger (1816 - 1868)<br \/>\nFantasie f\u00fcr chromatisches Waldhorn und Pianoforte<br \/>\nOp. 117 (c. 1864)<\/p>\n<p>5.<br \/>\nSalomon Jadassohn (1831 - 1902)<br \/>\nNotturno f\u00fcr Horn und Pianoforte<br \/>\nOp. 142 (ca. 1902)<\/p>\n<p>6.<br \/>\nRobert Hermann (1869 - 1912)<br \/>\nBerceuse f\u00fcr Horn und Klavier<br \/>\nOp. 10 (ca. 1901)<\/p>\n<p>7.<br \/>\nGottfried Linder (1842 - 1918)<br \/>\nElegie f\u00fcr Waldhorn mit Begleitung des Pianoforte<br \/>\nOp. 4 (c. 1867)<\/p>\n<p>8.<br \/>\nNicolai von Wilm (1834 - 1911)<br \/>\nRomanze f\u00fcr Horn mit Begleitung des Pianoforte<br \/>\nOp. 79, No. 1 (ca. 1889)<\/p>\n<p>9.<br \/>\nHeinrich Gottwald (1821 - 1876)<br \/>\nTyroler Jagdscene f\u00fcr Horn mit Pianoforte<br \/>\nOp. 32 (c. 1886)<\/p>\n<p>10.<br \/>\nHermann Berthold (1819 - 1879)<br \/>\nLied ohne Worte f\u00fcr Pianoforte und Horn<br \/>\nOp. 2, No. 3 (1858)<\/p>\n<p>11.<br \/>\nVladimir Ivanovich Rebikov (1866 - 1920)<br \/>\nMoment triste pour Corno in F avec accompagnement de Piano<br \/>\nOp. 8, No. 3 (ca. 1902)<\/p>\n<p>12.<br \/>\nAlban F\u00f6rster (1849 - 1916)<br \/>\nGedenkblatt f\u00fcr Horn mit Begleitung des Pianoforte<br \/>\nOp. 93 (c. 1885)<\/p>\n<p>13.<br \/>\nPhilipp Lappe (1802 - 1871)<br \/>\nNachtst\u00fcck f\u00fcr Ventilhorn und Pianoforte<br \/>\n(1861)<\/p>\n<p>14.<br \/>\nRudolf Tillmetz (1847 - 1915)<br \/>\nRomanze f\u00fcr Horn-Solo mit Klavierbegleitung<br \/>\nOp. 38 (c. 1903)<\/p>\n<p>15.<br \/>\nErnst Heuser (1863 - 1942)<br \/>\nAndante appassionato f\u00fcr Waldhorn mit Begleitung des Pianoforte<br \/>\nOp. 34 (1900)<\/p>\n<p>16.<br \/>\nLudwig Stark (1831 - 1884)<br \/>\nJ\u00e4gers St\u00e4ndchen; Notturno f\u00fcr das Waldhorn mit Begleitung des Pianoforte<br \/>\nOp. 63 (c. 1877)<\/p>\n<p>Glossary\u00a0\u00a0<em>(german \/ english)<\/em><\/p>\n<p>&nbsp;<\/p>","protected":false},"featured_media":3261,"template":"","meta":{"_acf_changed":false},"delivery-time":[175],"merkbrand":[176],"product_brand":[],"product_cat":[55],"product_tag":[],"class_list":{"0":"post-3259","1":"product","2":"type-product","3":"status-publish","4":"has-post-thumbnail","6":"delivery-time-niet-beschikbaar","7":"merkbrand-rimskys-horns","8":"product_cat-boeken-methodes-ensembles","9":"product_shipping_class-brievenbuspakje","10":"sales-flash-overlay","11":"woocommerce-text-align-center","12":"woocommerce-image-align-center","13":"do-quantity-buttons","15":"first","16":"instock","17":"sold-individually","18":"taxable","19":"shipping-taxable","20":"purchasable","21":"product-type-simple"},"exclude_global_add_ons":[],"addons":[],"acf":[],"_links":{"self":[{"href":"https:\/\/rimskys-horns.com\/en\/wp-json\/wp\/v2\/product\/3259","targetHints":{"allow":["GET"]}}],"collection":[{"href":"https:\/\/rimskys-horns.com\/en\/wp-json\/wp\/v2\/product"}],"about":[{"href":"https:\/\/rimskys-horns.com\/en\/wp-json\/wp\/v2\/types\/product"}],"wp:featuredmedia":[{"embeddable":true,"href":"https:\/\/rimskys-horns.com\/en\/wp-json\/wp\/v2\/media\/3261"}],"wp:attachment":[{"href":"https:\/\/rimskys-horns.com\/en\/wp-json\/wp\/v2\/media?parent=3259"}],"wp:term":[{"taxonomy":"delivery-time","embeddable":true,"href":"https:\/\/rimskys-horns.com\/en\/wp-json\/wp\/v2\/delivery-time?post=3259"},{"taxonomy":"merkbrand","embeddable":true,"href":"https:\/\/rimskys-horns.com\/en\/wp-json\/wp\/v2\/merkbrand?post=3259"},{"taxonomy":"product_brand","embeddable":true,"href":"https:\/\/rimskys-horns.com\/en\/wp-json\/wp\/v2\/product_brand?post=3259"},{"taxonomy":"product_cat","embeddable":true,"href":"https:\/\/rimskys-horns.com\/en\/wp-json\/wp\/v2\/product_cat?post=3259"},{"taxonomy":"product_tag","embeddable":true,"href":"https:\/\/rimskys-horns.com\/en\/wp-json\/wp\/v2\/product_tag?post=3259"}],"curies":[{"name":"wp","href":"https:\/\/api.w.org\/{rel}","templated":true}]}}