{"id":3012,"date":"2022-11-23T11:20:37","date_gmt":"2022-11-23T11:20:37","guid":{"rendered":"https:\/\/rimskys-horns.elonisas.dev\/?post_type=product&#038;p=3012"},"modified":"2025-02-02T14:19:22","modified_gmt":"2025-02-02T13:19:22","slug":"cd-wald-horn-song-german-horn-sound","status":"publish","type":"product","link":"https:\/\/rimskys-horns.com\/en\/product\/cd-wald-horn-lied-german-horn-sound\/","title":{"rendered":"CD : WALD.HORN.LIED, GERMAN HORN SOUND"},"content":{"rendered":"","protected":false},"excerpt":{"rendered":"<p>CD : Wald.Horn.Lied, German Horn Sound :<\/p>\n<p>August Horn: Waldlied f\u00fcr M\u00e4nnerchor mit Begleitung von vier Ventilh\u00f6rnern op. 26<\/p>\n<p>Robert Schumann: F\u00fcnf Ges\u00e4nge aus Heinrich Laubes Jagdbrevier f\u00fcr vierstimmigen M\u00e4nnerchor und vier Hornisten op. 137<\/p>\n<p>Constantin Homilius: Quartett B-Dur op. 38<\/p>\n<p>Karl Goldmark: Meeresstille und Gl\u00fcckliche Fahrt f\u00fcr M\u00e4nnerchor und H\u00f6rnerbegleitung op. 16<\/p>\n<p>Ferdinand Hummel: Waldwanderungen - Sechs Lieder und Ges\u00e4nge f\u00fcr vierstimmigen M\u00e4nnerchor mit zwei, drei und vier H\u00f6rnern op. 48<\/p>\n<p>Franz Schubert: Vier Ges\u00e4nge f\u00fcr M\u00e4nnerstimmen ohne Begleitung op. 17 D 983<\/p>\n<p>Franz Schubert: Nachtgesang im Walde f\u00fcr vier M\u00e4nnerstimmen mit Begleitung von vier H\u00f6rnern D 913<\/p>\n<p>Carl Steinhauer: Waldeinsamkeit f\u00fcr M\u00e4nnerchor mit vier H\u00f6rnern op. 32<\/p>","protected":false},"featured_media":3015,"template":"","meta":{"_acf_changed":false},"delivery-time":[94],"merkbrand":[176],"product_brand":[],"product_cat":[54],"product_tag":[],"class_list":{"0":"post-3012","1":"product","2":"type-product","3":"status-publish","4":"has-post-thumbnail","6":"delivery-time-direct-leverbaar","7":"merkbrand-rimskys-horns","8":"product_cat-cd-dvd","9":"product_shipping_class-brievenbuspakje","10":"sales-flash-overlay","11":"woocommerce-text-align-center","12":"woocommerce-image-align-center","13":"do-quantity-buttons","15":"first","16":"instock","17":"sold-individually","18":"taxable","19":"shipping-taxable","20":"purchasable","21":"product-type-simple"},"exclude_global_add_ons":[],"addons":[],"acf":[],"_links":{"self":[{"href":"https:\/\/rimskys-horns.com\/en\/wp-json\/wp\/v2\/product\/3012","targetHints":{"allow":["GET"]}}],"collection":[{"href":"https:\/\/rimskys-horns.com\/en\/wp-json\/wp\/v2\/product"}],"about":[{"href":"https:\/\/rimskys-horns.com\/en\/wp-json\/wp\/v2\/types\/product"}],"wp:featuredmedia":[{"embeddable":true,"href":"https:\/\/rimskys-horns.com\/en\/wp-json\/wp\/v2\/media\/3015"}],"wp:attachment":[{"href":"https:\/\/rimskys-horns.com\/en\/wp-json\/wp\/v2\/media?parent=3012"}],"wp:term":[{"taxonomy":"delivery-time","embeddable":true,"href":"https:\/\/rimskys-horns.com\/en\/wp-json\/wp\/v2\/delivery-time?post=3012"},{"taxonomy":"merkbrand","embeddable":true,"href":"https:\/\/rimskys-horns.com\/en\/wp-json\/wp\/v2\/merkbrand?post=3012"},{"taxonomy":"product_brand","embeddable":true,"href":"https:\/\/rimskys-horns.com\/en\/wp-json\/wp\/v2\/product_brand?post=3012"},{"taxonomy":"product_cat","embeddable":true,"href":"https:\/\/rimskys-horns.com\/en\/wp-json\/wp\/v2\/product_cat?post=3012"},{"taxonomy":"product_tag","embeddable":true,"href":"https:\/\/rimskys-horns.com\/en\/wp-json\/wp\/v2\/product_tag?post=3012"}],"curies":[{"name":"wp","href":"https:\/\/api.w.org\/{rel}","templated":true}]}}