{"id":2798,"date":"2022-11-23T10:37:53","date_gmt":"2022-11-23T10:37:53","guid":{"rendered":"https:\/\/rimskys-horns.elonisas.dev\/?post_type=product&#038;p=2798"},"modified":"2025-02-02T14:19:16","modified_gmt":"2025-02-02T13:19:16","slug":"cd-david-alonso-the-art-of-the-french-horn","status":"publish","type":"product","link":"https:\/\/rimskys-horns.com\/en\/product\/cd-david-alonso-the-art-of-the-french-horn\/","title":{"rendered":"CD: DAVID ALONSO-THE ART OF THE FRENCH HORN"},"content":{"rendered":"","protected":false},"excerpt":{"rendered":"<p>The Art of the Horn - L'art du cor<br \/>\nDavid Alonso, cor \/ horn H\u00e9l\u00e8ne Tysman, piano<\/p>\n<p>Ludwig Van Beethoven (1770-1827)<br \/>\nSonata f\u00fcr Horn and Klavier F-dur \/ F major \/ Fa major, op.17<br \/>\n1 - Allegro moderato 7:50<br \/>\n2 - Poco adagio, quasi andante 1:23<br \/>\n3 - Rondo - Allegro moderato 4:45<\/p>\n<p>Robert Schumann (1810-1856)<br \/>\n4 - Andante 3:40<br \/>\n5 - Allegro 4:19<\/p>\n<p>Richard Strauss (1864-1949)<br \/>\n6 - Andante, op. posthume (1888, published in 1971) 3:35<\/p>\n<p>Paul Dukas (1865-1935)<br \/>\n7 - Villanelle (1905) 6 :10<\/p>\n<p>Eug\u00e8ne Bozza (1905-1991)<br \/>\n8 - Sur les cimes (1960) 6 :47<\/p>\n<p>Alexander Scriabin (1872-1915)<br \/>\n9 - Romance f\u00fcr Horn and Klavier 1:54<\/p>\n<p>Paul Hindemith (1895-1963)<br \/>\nSonata f\u00fcr Horn and Klavier F-dur \/ F major \/ Fa major (1939)<br \/>\n10 - M\u00e4ssig bewegt 5:51<br \/>\n11 - Ruhig bewegt 3:42<br \/>\n12 - Lebhaft 6:55<\/p>\n<p>TT 57:28<\/p>\n<p>Recorded at Temple St-Marcel (Paris), in Janury 2014<br \/>\nSound Engineer and Editing : Nikolaos Samaltanos<br \/>\nArtistic Direction : Yves d'Hau<br \/>\nMicrophones : Schoeps CMC3U - MK2S<br \/>\nDCS 900 A\/D Converter<br \/>\nPiano Steinway<\/p>\n<p>L'art du cor met en lumi\u00e8re toutes les couleurs de ce cuivre majestueux, \u00e0 travers sa litt\u00e9rature originale des 19e et 20e si\u00e8cles. David Alonso, un des plus brillants cornistes au monde, titulaire du 1er prix de musique de chambre de l'ARD \u00e0 Munich, invites la pianiste H\u00e9l\u00e8ne Tysman, pour un voyage musical raffin\u00e9 et inspir\u00e9.<\/p>\n<p>The art of French horn, highlights the color palette of this majestic brass instrument, throughout the XIXth and XXth centuries' original works. David Alonso, one of the most talented horn players and first prize of the Munich ARD Chamber Music, takes H\u00e9l\u00e8ne Tysman on a musical journey, with delicacy and inspiration.<\/p>","protected":false},"featured_media":2799,"template":"","meta":{"_acf_changed":false},"delivery-time":[94],"merkbrand":[176],"product_brand":[],"product_cat":[54],"product_tag":[],"class_list":{"0":"post-2798","1":"product","2":"type-product","3":"status-publish","4":"has-post-thumbnail","6":"delivery-time-direct-leverbaar","7":"merkbrand-rimskys-horns","8":"product_cat-cd-dvd","9":"product_shipping_class-brievenbuspakje","10":"sales-flash-overlay","11":"woocommerce-text-align-center","12":"woocommerce-image-align-center","13":"do-quantity-buttons","15":"first","16":"instock","17":"sold-individually","18":"taxable","19":"shipping-taxable","20":"purchasable","21":"product-type-simple"},"exclude_global_add_ons":[],"addons":[],"acf":[],"_links":{"self":[{"href":"https:\/\/rimskys-horns.com\/en\/wp-json\/wp\/v2\/product\/2798","targetHints":{"allow":["GET"]}}],"collection":[{"href":"https:\/\/rimskys-horns.com\/en\/wp-json\/wp\/v2\/product"}],"about":[{"href":"https:\/\/rimskys-horns.com\/en\/wp-json\/wp\/v2\/types\/product"}],"wp:featuredmedia":[{"embeddable":true,"href":"https:\/\/rimskys-horns.com\/en\/wp-json\/wp\/v2\/media\/2799"}],"wp:attachment":[{"href":"https:\/\/rimskys-horns.com\/en\/wp-json\/wp\/v2\/media?parent=2798"}],"wp:term":[{"taxonomy":"delivery-time","embeddable":true,"href":"https:\/\/rimskys-horns.com\/en\/wp-json\/wp\/v2\/delivery-time?post=2798"},{"taxonomy":"merkbrand","embeddable":true,"href":"https:\/\/rimskys-horns.com\/en\/wp-json\/wp\/v2\/merkbrand?post=2798"},{"taxonomy":"product_brand","embeddable":true,"href":"https:\/\/rimskys-horns.com\/en\/wp-json\/wp\/v2\/product_brand?post=2798"},{"taxonomy":"product_cat","embeddable":true,"href":"https:\/\/rimskys-horns.com\/en\/wp-json\/wp\/v2\/product_cat?post=2798"},{"taxonomy":"product_tag","embeddable":true,"href":"https:\/\/rimskys-horns.com\/en\/wp-json\/wp\/v2\/product_tag?post=2798"}],"curies":[{"name":"wp","href":"https:\/\/api.w.org\/{rel}","templated":true}]}}