{"id":2623,"date":"2022-11-23T09:59:17","date_gmt":"2022-11-23T09:59:17","guid":{"rendered":"https:\/\/rimskys-horns.elonisas.dev\/?post_type=product&#038;p=2623"},"modified":"2025-02-02T14:19:11","modified_gmt":"2025-02-02T13:19:11","slug":"cd-wilhelm-bruns-mozart-konzerte","status":"publish","type":"product","link":"https:\/\/rimskys-horns.com\/en\/product\/cd-wilhelm-bruns-mozart-konzerte\/","title":{"rendered":"CD.WILHELM BRUNS-MOZART KONZERTE"},"content":{"rendered":"","protected":false},"excerpt":{"rendered":"<ul>\n<li><strong>K\u00fcnstler:<\/strong>\u00a0Wilhelm Bruns, Quadriga-Quartett, Mannheimer Mozart Orchestra, Fey<\/li>\n<li><strong>Label:<\/strong>\u00a0<a class=\"search-link\" href=\"https:\/\/www.jpc.de\/s\/Profil?searchtype=label\">Profil<\/a>, DDD, 2004<\/li>\n<li><strong>Erscheinungstermin:<\/strong>\u00a018.4.2006<\/li>\n<\/ul>\n<p>Pressestimmen<br \/>\nAudio 06 \/ 06: \"Solist Wilhelm Bruns bl\u00e4st mit seinem Naturhorn jede Menge Staub und Pl\u00fcsch von den drei eingespielten Hornkonzerten. Thomas Fey l\u00e4sst dazu das Orchester kernige, zum Teil ungewohnte Akzente setzen. So macht die historisierende Auff\u00fchrungspraxis Laune, zumal die Aufnahme sehr pr\u00e4sent und dynamisch geriet.\"<\/p>\n<p>CD.Wilhelm Bruns-Mozart Konzerte<\/p>","protected":false},"featured_media":2625,"template":"","meta":{"_acf_changed":false},"delivery-time":[94],"merkbrand":[176],"product_brand":[],"product_cat":[54],"product_tag":[],"class_list":{"0":"post-2623","1":"product","2":"type-product","3":"status-publish","4":"has-post-thumbnail","6":"delivery-time-direct-leverbaar","7":"merkbrand-rimskys-horns","8":"product_cat-cd-dvd","9":"product_shipping_class-brievenbuspakje","10":"sales-flash-overlay","11":"woocommerce-text-align-center","12":"woocommerce-image-align-center","13":"do-quantity-buttons","15":"first","16":"outofstock","17":"sold-individually","18":"taxable","19":"shipping-taxable","20":"purchasable","21":"product-type-simple"},"exclude_global_add_ons":[],"addons":[],"acf":[],"_links":{"self":[{"href":"https:\/\/rimskys-horns.com\/en\/wp-json\/wp\/v2\/product\/2623","targetHints":{"allow":["GET"]}}],"collection":[{"href":"https:\/\/rimskys-horns.com\/en\/wp-json\/wp\/v2\/product"}],"about":[{"href":"https:\/\/rimskys-horns.com\/en\/wp-json\/wp\/v2\/types\/product"}],"wp:featuredmedia":[{"embeddable":true,"href":"https:\/\/rimskys-horns.com\/en\/wp-json\/wp\/v2\/media\/2625"}],"wp:attachment":[{"href":"https:\/\/rimskys-horns.com\/en\/wp-json\/wp\/v2\/media?parent=2623"}],"wp:term":[{"taxonomy":"delivery-time","embeddable":true,"href":"https:\/\/rimskys-horns.com\/en\/wp-json\/wp\/v2\/delivery-time?post=2623"},{"taxonomy":"merkbrand","embeddable":true,"href":"https:\/\/rimskys-horns.com\/en\/wp-json\/wp\/v2\/merkbrand?post=2623"},{"taxonomy":"product_brand","embeddable":true,"href":"https:\/\/rimskys-horns.com\/en\/wp-json\/wp\/v2\/product_brand?post=2623"},{"taxonomy":"product_cat","embeddable":true,"href":"https:\/\/rimskys-horns.com\/en\/wp-json\/wp\/v2\/product_cat?post=2623"},{"taxonomy":"product_tag","embeddable":true,"href":"https:\/\/rimskys-horns.com\/en\/wp-json\/wp\/v2\/product_tag?post=2623"}],"curies":[{"name":"wp","href":"https:\/\/api.w.org\/{rel}","templated":true}]}}